{"id":1425,"date":"2016-04-08T07:34:46","date_gmt":"2016-04-08T07:34:46","guid":{"rendered":"http:\/\/bgfquartet.wpengine.com\/?page_id=1425"},"modified":"2020-03-14T17:01:40","modified_gmt":"2020-03-14T16:01:40","slug":"about-us","status":"publish","type":"page","link":"https:\/\/quartet.bgf.rs\/en\/about-us\/","title":{"rendered":"About us"},"content":{"rendered":"<p>[vc_row gap=&#8221;10&#8243; iron_row_type=&#8221;in_container&#8221; iron_remove_padding_medium=&#8221;&#8221; iron_remove_padding_small=&#8221;&#8221; iron_overlay_pattern=&#8221;&#8221; iron_parallax=&#8221;&#8221; iron_bg_video=&#8221;&#8221;][vc_column][vc_empty_space][vc_custom_heading text=&#8221;Belgrade Philharmonic String Quartet&#8221; font_container=&#8221;tag:h2|font_size:30px|text_align:center|line_height:1.4&#8243; google_fonts=&#8221;font_family:Playfair%20Display%3Aregular%2Citalic%2C700%2C700italic%2C900%2C900italic|font_style:400%20regular%3A400%3Anormal&#8221; fit_bg_text=&#8221;0&#8243;][vc_empty_space][vc_empty_space height=&#8221;20px&#8221;][\/vc_column][\/vc_row][vc_row iron_row_type=&#8221;in_container&#8221; iron_remove_padding_medium=&#8221;&#8221; iron_remove_padding_small=&#8221;&#8221; iron_overlay_pattern=&#8221;&#8221; iron_parallax=&#8221;&#8221; iron_bg_video=&#8221;&#8221; css=&#8221;.vc_custom_1460300710868{padding-right: 15px !important;padding-left: 15px !important;}&#8221;][vc_column width=&#8221;1\/4&#8243;][vc_single_image image=&#8221;1866&#8243; img_size=&#8221;large&#8221; alignment=&#8221;center&#8221; onclick=&#8221;custom_link&#8221; img_fullwidth=&#8221;0&#8243; css=&#8221;.vc_custom_1511444709647{padding-right: 10px !important;padding-left: 10px !important;}&#8221; link=&#8221;http:\/\/quartet.bgf.rs\/en\/about-us\/jelena-dragnic\/&#8221;][vc_empty_space height=&#8221;12px&#8221;][vc_custom_heading text=&#8221;Jelena Dragni\u0107&#8221; font_container=&#8221;tag:h2|font_size:26px|text_align:center&#8221; google_fonts=&#8221;font_family:Playfair%20Display%3Aregular%2Citalic%2C700%2C700italic%2C900%2C900italic|font_style:400%20regular%3A400%3Anormal&#8221; fit_bg_text=&#8221;0&#8243; link=&#8221;url:http%3A%2F%2Fquartet.bgf.rs%2Fen%2Fabout-us%2Fjelena-dragnic%2F|||&#8221;][vc_custom_heading text=&#8221;first violin&#8221; font_container=&#8221;tag:h3|text_align:center&#8221; google_fonts=&#8221;font_family:Playfair%20Display%3Aregular%2Citalic%2C700%2C700italic%2C900%2C900italic|font_style:400%20regular%3A400%3Anormal&#8221; fit_bg_text=&#8221;0&#8243; link=&#8221;url:http%3A%2F%2Fquartet.bgf.rs%2Fen%2Fabout-us%2Fjelena-dragnic%2F|||&#8221;][vc_empty_space height=&#8221;18px&#8221;][\/vc_column][vc_column width=&#8221;1\/4&#8243;][vc_single_image image=&#8221;1868&#8243; img_size=&#8221;large&#8221; alignment=&#8221;center&#8221; onclick=&#8221;custom_link&#8221; img_fullwidth=&#8221;0&#8243; css=&#8221;.vc_custom_1511444722754{padding-right: 10px !important;padding-left: 10px !important;}&#8221; link=&#8221;http:\/\/quartet.bgf.rs\/en\/about-us\/vladan-loncar\/&#8221;][vc_empty_space height=&#8221;12px&#8221;][vc_custom_heading text=&#8221;Vladan Lon\u010dar&#8221; font_container=&#8221;tag:h2|font_size:26px|text_align:center&#8221; google_fonts=&#8221;font_family:Playfair%20Display%3Aregular%2Citalic%2C700%2C700italic%2C900%2C900italic|font_style:400%20regular%3A400%3Anormal&#8221; fit_bg_text=&#8221;0&#8243; link=&#8221;url:http%3A%2F%2Fquartet.bgf.rs%2Fen%2Fabout-us%2Fvladan-loncar%2F|||&#8221;][vc_custom_heading text=&#8221;second violin&#8221; font_container=&#8221;tag:h3|text_align:center&#8221; google_fonts=&#8221;font_family:Playfair%20Display%3Aregular%2Citalic%2C700%2C700italic%2C900%2C900italic|font_style:400%20regular%3A400%3Anormal&#8221; fit_bg_text=&#8221;0&#8243; link=&#8221;url:http%3A%2F%2Fquartet.bgf.rs%2Fen%2Fabout-us%2Fvladan-loncar%2F|||&#8221;][vc_empty_space height=&#8221;18px&#8221;][\/vc_column][vc_column width=&#8221;1\/4&#8243;][vc_single_image image=&#8221;1865&#8243; img_size=&#8221;large&#8221; alignment=&#8221;center&#8221; onclick=&#8221;custom_link&#8221; img_fullwidth=&#8221;0&#8243; css=&#8221;.vc_custom_1511444739738{padding-right: 10px !important;padding-left: 10px !important;}&#8221; link=&#8221;http:\/\/quartet.bgf.rs\/en\/about-us\/boris-brezovac\/&#8221;][vc_empty_space height=&#8221;12px&#8221;][vc_custom_heading text=&#8221;Boris Brezovac&#8221; font_container=&#8221;tag:h2|font_size:26px|text_align:center&#8221; google_fonts=&#8221;font_family:Playfair%20Display%3Aregular%2Citalic%2C700%2C700italic%2C900%2C900italic|font_style:400%20regular%3A400%3Anormal&#8221; fit_bg_text=&#8221;0&#8243; link=&#8221;url:http%3A%2F%2Fquartet.bgf.rs%2Fen%2Fabout-us%2Fboris-brezovac%2F|||&#8221;][vc_custom_heading text=&#8221;viola&#8221; font_container=&#8221;tag:h3|text_align:center&#8221; google_fonts=&#8221;font_family:Playfair%20Display%3Aregular%2Citalic%2C700%2C700italic%2C900%2C900italic|font_style:400%20regular%3A400%3Anormal&#8221; fit_bg_text=&#8221;0&#8243; link=&#8221;url:http%3A%2F%2Fquartet.bgf.rs%2Fen%2Fabout-us%2Fboris-brezovac%2F|||&#8221;][vc_empty_space height=&#8221;18px&#8221;][\/vc_column][vc_column width=&#8221;1\/4&#8243;][vc_single_image image=&#8221;1867&#8243; img_size=&#8221;large&#8221; alignment=&#8221;center&#8221; onclick=&#8221;custom_link&#8221; img_fullwidth=&#8221;0&#8243; css=&#8221;.vc_custom_1511444754413{padding-right: 10px !important;padding-left: 10px !important;}&#8221; link=&#8221;http:\/\/quartet.bgf.rs\/en\/about-us\/aleksandar-latkovic\/&#8221;][vc_empty_space height=&#8221;12px&#8221;][vc_custom_heading text=&#8221;Aleksandar Latkovi\u0107&#8221; font_container=&#8221;tag:h2|font_size:26px|text_align:center&#8221; google_fonts=&#8221;font_family:Playfair%20Display%3Aregular%2Citalic%2C700%2C700italic%2C900%2C900italic|font_style:400%20regular%3A400%3Anormal&#8221; fit_bg_text=&#8221;0&#8243; link=&#8221;url:http%3A%2F%2Fquartet.bgf.rs%2Fen%2Fabout-us%2Faleksandar-latkovic%2F|||&#8221;][vc_custom_heading text=&#8221;cello&#8221; font_container=&#8221;tag:h3|text_align:center&#8221; google_fonts=&#8221;font_family:Playfair%20Display%3Aregular%2Citalic%2C700%2C700italic%2C900%2C900italic|font_style:400%20regular%3A400%3Anormal&#8221; fit_bg_text=&#8221;0&#8243; link=&#8221;url:http%3A%2F%2Fquartet.bgf.rs%2Fen%2Fabout-us%2Faleksandar-latkovic%2F|||&#8221;][vc_empty_space height=&#8221;18px&#8221;][\/vc_column][\/vc_row][vc_row iron_row_type=&#8221;in_container&#8221; iron_remove_padding_medium=&#8221;&#8221; iron_remove_padding_small=&#8221;&#8221; iron_overlay_pattern=&#8221;&#8221; iron_parallax=&#8221;&#8221; iron_bg_video=&#8221;&#8221; css=&#8221;.vc_custom_1460329953040{padding-right: 15px !important;padding-left: 15px !important;}&#8221;][vc_column][vc_column_text el_class=&#8221;fristpabout&#8221;]The members of the Belgrade Philharmonic String Quartet are: Jelena Dragni\u0107 (first violin), Vladan Lon\u010dar (second violin), Boris Brezovac (viola) and Aleksandar Latkovi\u0107 (cello). The ensemble was founded within the orchestra in 2011.[\/vc_column_text][vc_empty_space][vc_column_text]The Quartet\u2019s latest achievements include concerts at events such as <em>Silver Lyra Festival in St. Petersburg (Russia),<\/em> <em>Musikfesttage an der Oder<\/em>\u00a0(Poland\/Germany), the <em>Abu Dhabi Classics Festival<\/em>, the season opening of the <em>Chamber music in Desert<\/em>, at the Liwa Oasis, in the United Arab Emirates, then two concert tours in China, performing at Tianjin Concert Hall, followed by concerts at the <em>Centre Culturel de Serbie<\/em>, in Paris, and the Cultural Centre in Izmir, Turkey.[\/vc_column_text][vc_empty_space][vc_column_text]In July 2017, the Quartet\u00a0also performed at the <em>Ljubljana Festival<\/em>. It recently had its premiere in Montenegro, featuring \u201cViaggio in Italia\u201c, by Giovanni Sollima, with cellist Maja Bogdanovi\u0107 and actor Vladimir Aleksi\u0107. In the previous period, the Quartet performed at the Festival of <em>Mokranj\u010devi Dani<\/em> in Negotin, the <em>Festival Espressivo<\/em> in Cetinje, the <em>Sarajevo Evenings of Music<\/em> (SVEM), the Modern Gallery in Podgorica, the <em>SOMUS<\/em> Festival opening in Sombor, Serbia, and <em>Filip\u2019s Days Festival<\/em> in Ni\u0161, and gave a concert at the National theatre in Banja Luka, Republic of Srpska on the occasion of the Day of the city of Banja Luka. In addition to these performances, the Quartet\u2019s concert at Studio 6 Belgrade was broadcast live by the Serbian Broadcasting Corporation Channel 3.[\/vc_column_text][vc_empty_space][vc_column_text]<\/p>\n<p style=\"text-align: left;\"><span style=\"font-weight: 400;\">During the 2015\/16 season the Quartet members were mentors for their young colleagu\u0435s at the Winter String Quartet Workshop in Podgorica, and at the Montenegro Summer Chamber Music Camp at Ivanova korita, Lov\u0107en.<\/span><\/p>\n<p>[\/vc_column_text][vc_empty_space][vc_column_text]<\/p>\n<p style=\"text-align: left;\"><span style=\"font-weight: 400;\">In June 2015, in cooperation with clarinetist Ognjen Popovi\u0107, the Belgrade Philharmonic String Quartet released their first compact disc containing compositions by Ludwig van Beethoven and Johannes Brahms.<\/span><\/p>\n<p>[\/vc_column_text][vc_empty_space][vc_column_text]<\/p>\n<p style=\"text-align: left;\"><span style=\"font-weight: 400;\">In the season 2013\/14, the Quartet and their guests appeared in a cycle of five chamber music concerts named Quartet+1, in the Belgrade Philharmonic Concert Hall. In addition to compositions for the string quartet, this cycle also included quintets with two violas, with clarinet, piano and voice.<\/span><\/p>\n<p>[\/vc_column_text][vc_empty_space][vc_column_text]<\/p>\n<p style=\"text-align: left;\"><span style=\"font-weight: 400;\">In the season 2012\/13, the Quartet gave a memorable performance of a \u201cConcerto for String quartet and Orchestra\u201d by Erwin Schulhoff at the Kolarac Great Hall, with the Belgrade Philharmonic Orchestra and their Chief Conductor of that time Muhai Tang.\u00a0<\/span><\/p>\n<p>[\/vc_column_text][vc_empty_space][vc_column_text]<\/p>\n<p style=\"text-align: left;\">Other performances in Serbia and the region have taken the Belgrade Philharmonic String Quartet to the opening of the Classic Fest Pan\u010devo, the European Day celebration in Belgrade, the Conference \u201cCreative Europe\u201d at Kulturni Centar Grad, concerts on board the Amadeus Royal ship on the way from Vienna to the Black Sea, concerts in Gra\u010danica, Kragujevac, In\u0111ija, Mostar, and Trebinje, as well as the appearances in Gornji Milanovac, Subotica, Vr\u0161ac and the village of Stani\u0161or in Kosovo and Metohija, as part of humanitarian and social responsibility projects of the Belgrade Philharmonic.<\/p>\n<p>[\/vc_column_text][vc_empty_space][vc_column_text]Quartet worked with prof. Wolfgang Redik (Vienna Piano Trio) and\u00a0prof. William Coleman (Kuss Quartet).<br \/>\nThey performed with artists such as Jorg Winkler, Claudi Arimany, Darko Brlek, Maja Bogdanovi\u0107, Ognjen Popovi\u0107, Veljko Klenkovski, Branko Kabadaji\u0107, Jelena Dra\u0161koci, Svetlana Jovanovi\u0107&#8230;[\/vc_column_text][vc_empty_space height=&#8221;80px&#8221;][\/vc_column][\/vc_row]<\/p>\n","protected":false},"excerpt":{"rendered":"<p>[vc_row gap=&#8221;10&#8243; iron_row_type=&#8221;in_container&#8221; iron_remove_padding_medium=&#8221;&#8221; iron_remove_padding_small=&#8221;&#8221; iron_overlay_pattern=&#8221;&#8221; iron_parallax=&#8221;&#8221; iron_bg_video=&#8221;&#8221;][vc_column][vc_empty_space][vc_custom_heading text=&#8221;Belgrade Philharmonic String Quartet&#8221; font_container=&#8221;tag:h2|font_size:30px|text_align:center|line_height:1.4&#8243; google_fonts=&#8221;font_family:Playfair%20Display%3Aregular%2Citalic%2C700%2C700italic%2C900%2C900italic|font_style:400%20regular%3A400%3Anormal&#8221; fit_bg_text=&#8221;0&#8243;][vc_empty_space][vc_empty_space height=&#8221;20px&#8221;][\/vc_column][\/vc_row][vc_row iron_row_type=&#8221;in_container&#8221; iron_remove_padding_medium=&#8221;&#8221; iron_remove_padding_small=&#8221;&#8221; iron_overlay_pattern=&#8221;&#8221; [&hellip;]<\/p>\n","protected":false},"author":1,"featured_media":0,"parent":0,"menu_order":0,"comment_status":"closed","ping_status":"closed","template":"","meta":{"footnotes":""},"class_list":["post-1425","page","type-page","status-publish","hentry"],"yoast_head":"<!-- This site is optimized with the Yoast SEO plugin v26.2 - https:\/\/yoast.com\/wordpress\/plugins\/seo\/ -->\n<title>About us &#8211; Guda\u010dki kvartet Beogradske filharmonije<\/title>\n<meta name=\"description\" content=\"The musicians of the Belgrade Philharmonic Orchestra Jelena Dragni\u0107, Vladan Lon\u010dar, Boris Brezovac and Aleksandar Latkovi\u0107, founded the String Quartet\" \/>\n<meta name=\"robots\" content=\"index, follow, max-snippet:-1, max-image-preview:large, max-video-preview:-1\" \/>\n<link rel=\"canonical\" href=\"https:\/\/quartet.bgf.rs\/en\/about-us\/\" \/>\n<meta property=\"og:locale\" content=\"en_US\" \/>\n<meta property=\"og:type\" content=\"article\" \/>\n<meta property=\"og:title\" content=\"About us &#8211; Guda\u010dki kvartet Beogradske filharmonije\" \/>\n<meta property=\"og:description\" content=\"The musicians of the Belgrade Philharmonic Orchestra Jelena Dragni\u0107, Vladan Lon\u010dar, Boris Brezovac and Aleksandar Latkovi\u0107, founded the String Quartet\" \/>\n<meta property=\"og:url\" content=\"https:\/\/quartet.bgf.rs\/en\/about-us\/\" \/>\n<meta property=\"og:site_name\" content=\"Guda\u010dki kvartet Beogradske filharmonije\" \/>\n<meta property=\"article:publisher\" content=\"https:\/\/www.facebook.com\/Guda%c4%8dki-kvartet-Beogradske-filharmonije-Belgrade-Phil-String-Quartet-491902937641729\/?fref=ts\" \/>\n<meta property=\"article:modified_time\" content=\"2020-03-14T16:01:40+00:00\" \/>\n<meta name=\"twitter:card\" content=\"summary_large_image\" \/>\n<meta name=\"twitter:label1\" content=\"Est. reading time\" \/>\n\t<meta name=\"twitter:data1\" content=\"7 minutes\" \/>\n<script type=\"application\/ld+json\" class=\"yoast-schema-graph\">{\"@context\":\"https:\/\/schema.org\",\"@graph\":[{\"@type\":\"WebPage\",\"@id\":\"https:\/\/quartet.bgf.rs\/en\/about-us\/\",\"url\":\"https:\/\/quartet.bgf.rs\/en\/about-us\/\",\"name\":\"About us &#8211; Guda\u010dki kvartet Beogradske filharmonije\",\"isPartOf\":{\"@id\":\"https:\/\/quartet.bgf.rs\/#website\"},\"datePublished\":\"2016-04-08T07:34:46+00:00\",\"dateModified\":\"2020-03-14T16:01:40+00:00\",\"description\":\"The musicians of the Belgrade Philharmonic Orchestra Jelena Dragni\u0107, Vladan Lon\u010dar, Boris Brezovac and Aleksandar Latkovi\u0107, founded the String Quartet\",\"breadcrumb\":{\"@id\":\"https:\/\/quartet.bgf.rs\/en\/about-us\/#breadcrumb\"},\"inLanguage\":\"en-US\",\"potentialAction\":[{\"@type\":\"ReadAction\",\"target\":[\"https:\/\/quartet.bgf.rs\/en\/about-us\/\"]}]},{\"@type\":\"BreadcrumbList\",\"@id\":\"https:\/\/quartet.bgf.rs\/en\/about-us\/#breadcrumb\",\"itemListElement\":[{\"@type\":\"ListItem\",\"position\":1,\"name\":\"Home\",\"item\":\"https:\/\/quartet.bgf.rs\/en\/\"},{\"@type\":\"ListItem\",\"position\":2,\"name\":\"About us\"}]},{\"@type\":\"WebSite\",\"@id\":\"https:\/\/quartet.bgf.rs\/#website\",\"url\":\"https:\/\/quartet.bgf.rs\/\",\"name\":\"Guda\u010dki kvartet Beogradske filharmonije\",\"description\":\"Belgrade Philharmonic String Quartet\",\"potentialAction\":[{\"@type\":\"SearchAction\",\"target\":{\"@type\":\"EntryPoint\",\"urlTemplate\":\"https:\/\/quartet.bgf.rs\/?s={search_term_string}\"},\"query-input\":{\"@type\":\"PropertyValueSpecification\",\"valueRequired\":true,\"valueName\":\"search_term_string\"}}],\"inLanguage\":\"en-US\"}]}<\/script>\n<!-- \/ Yoast SEO plugin. -->","yoast_head_json":{"title":"About us &#8211; Guda\u010dki kvartet Beogradske filharmonije","description":"The musicians of the Belgrade Philharmonic Orchestra Jelena Dragni\u0107, Vladan Lon\u010dar, Boris Brezovac and Aleksandar Latkovi\u0107, founded the String Quartet","robots":{"index":"index","follow":"follow","max-snippet":"max-snippet:-1","max-image-preview":"max-image-preview:large","max-video-preview":"max-video-preview:-1"},"canonical":"https:\/\/quartet.bgf.rs\/en\/about-us\/","og_locale":"en_US","og_type":"article","og_title":"About us &#8211; Guda\u010dki kvartet Beogradske filharmonije","og_description":"The musicians of the Belgrade Philharmonic Orchestra Jelena Dragni\u0107, Vladan Lon\u010dar, Boris Brezovac and Aleksandar Latkovi\u0107, founded the String Quartet","og_url":"https:\/\/quartet.bgf.rs\/en\/about-us\/","og_site_name":"Guda\u010dki kvartet Beogradske filharmonije","article_publisher":"https:\/\/www.facebook.com\/Guda%c4%8dki-kvartet-Beogradske-filharmonije-Belgrade-Phil-String-Quartet-491902937641729\/?fref=ts","article_modified_time":"2020-03-14T16:01:40+00:00","twitter_card":"summary_large_image","twitter_misc":{"Est. reading time":"7 minutes"},"schema":{"@context":"https:\/\/schema.org","@graph":[{"@type":"WebPage","@id":"https:\/\/quartet.bgf.rs\/en\/about-us\/","url":"https:\/\/quartet.bgf.rs\/en\/about-us\/","name":"About us &#8211; Guda\u010dki kvartet Beogradske filharmonije","isPartOf":{"@id":"https:\/\/quartet.bgf.rs\/#website"},"datePublished":"2016-04-08T07:34:46+00:00","dateModified":"2020-03-14T16:01:40+00:00","description":"The musicians of the Belgrade Philharmonic Orchestra Jelena Dragni\u0107, Vladan Lon\u010dar, Boris Brezovac and Aleksandar Latkovi\u0107, founded the String Quartet","breadcrumb":{"@id":"https:\/\/quartet.bgf.rs\/en\/about-us\/#breadcrumb"},"inLanguage":"en-US","potentialAction":[{"@type":"ReadAction","target":["https:\/\/quartet.bgf.rs\/en\/about-us\/"]}]},{"@type":"BreadcrumbList","@id":"https:\/\/quartet.bgf.rs\/en\/about-us\/#breadcrumb","itemListElement":[{"@type":"ListItem","position":1,"name":"Home","item":"https:\/\/quartet.bgf.rs\/en\/"},{"@type":"ListItem","position":2,"name":"About us"}]},{"@type":"WebSite","@id":"https:\/\/quartet.bgf.rs\/#website","url":"https:\/\/quartet.bgf.rs\/","name":"Guda\u010dki kvartet Beogradske filharmonije","description":"Belgrade Philharmonic String Quartet","potentialAction":[{"@type":"SearchAction","target":{"@type":"EntryPoint","urlTemplate":"https:\/\/quartet.bgf.rs\/?s={search_term_string}"},"query-input":{"@type":"PropertyValueSpecification","valueRequired":true,"valueName":"search_term_string"}}],"inLanguage":"en-US"}]}},"_links":{"self":[{"href":"https:\/\/quartet.bgf.rs\/en\/wp-json\/wp\/v2\/pages\/1425","targetHints":{"allow":["GET"]}}],"collection":[{"href":"https:\/\/quartet.bgf.rs\/en\/wp-json\/wp\/v2\/pages"}],"about":[{"href":"https:\/\/quartet.bgf.rs\/en\/wp-json\/wp\/v2\/types\/page"}],"author":[{"embeddable":true,"href":"https:\/\/quartet.bgf.rs\/en\/wp-json\/wp\/v2\/users\/1"}],"replies":[{"embeddable":true,"href":"https:\/\/quartet.bgf.rs\/en\/wp-json\/wp\/v2\/comments?post=1425"}],"version-history":[{"count":0,"href":"https:\/\/quartet.bgf.rs\/en\/wp-json\/wp\/v2\/pages\/1425\/revisions"}],"wp:attachment":[{"href":"https:\/\/quartet.bgf.rs\/en\/wp-json\/wp\/v2\/media?parent=1425"}],"curies":[{"name":"wp","href":"https:\/\/api.w.org\/{rel}","templated":true}]}}